{"id":3324,"date":"2025-10-30T11:35:08","date_gmt":"2025-10-30T10:35:08","guid":{"rendered":"https:\/\/schlosshotel.dev-mk.de\/pittoresk\/?page_id=3324"},"modified":"2026-03-02T13:04:46","modified_gmt":"2026-03-02T12:04:46","slug":"reservierung","status":"publish","type":"page","link":"https:\/\/schlosshotel.dev-mk.de\/pittoresk\/reservierung\/","title":{"rendered":"Reservierung"},"content":{"rendered":"\n<div class=\"wp-block-cover alignfull is-light has-custom-content-position is-position-bottom-center dyn is-style-default\" style=\"padding-top:var(--wp--preset--spacing--medium);padding-right:var(--wp--preset--spacing--medium);padding-bottom:var(--wp--preset--spacing--medium);padding-left:var(--wp--preset--spacing--medium);min-height:50vh;aspect-ratio:unset;\"><span aria-hidden=\"true\" class=\"wp-block-cover__background has-tertiary-background-color has-background-dim\"><\/span><img loading=\"lazy\" decoding=\"async\" width=\"1024\" height=\"410\" class=\"wp-block-cover__image-background wp-image-3290\" alt=\"IMG_5522-1024x410\" src=\"https:\/\/schlosshotel.dev-mk.de\/pittoresk\/wp-content\/uploads\/sites\/2\/2025\/10\/IMG_5522-1024x410-1.jpg\" data-object-fit=\"cover\" srcset=\"https:\/\/schlosshotel.dev-mk.de\/pittoresk\/wp-content\/uploads\/sites\/2\/2025\/10\/IMG_5522-1024x410-1.jpg 1024w, https:\/\/schlosshotel.dev-mk.de\/pittoresk\/wp-content\/uploads\/sites\/2\/2025\/10\/IMG_5522-1024x410-1-300x120.jpg 300w, https:\/\/schlosshotel.dev-mk.de\/pittoresk\/wp-content\/uploads\/sites\/2\/2025\/10\/IMG_5522-1024x410-1-768x308.jpg 768w\" sizes=\"auto, (max-width: 1024px) 100vw, 1024px\" \/><div class=\"wp-block-cover__inner-container has-global-padding is-layout-constrained wp-container-core-cover-is-layout-8217c53c wp-block-cover-is-layout-constrained\">\n<div class=\"wp-block-boldblocks-svg-block svg-b-1 sm-svg-justify-alignment\"><div class=\"wp-block-boldblocks-svg-block__inner sm-svg-width\">\n\n\n\n<\/div><\/div>\n<\/div><\/div>\n\n\n\n<div style=\"height:var(--wp--preset--spacing--x-large)\" aria-hidden=\"true\" class=\"wp-block-spacer\"><\/div>\n\n\n\n<div class=\"wp-block-columns is-layout-flex wp-container-core-columns-is-layout-28f84493 wp-block-columns-is-layout-flex\">\n<div class=\"wp-block-column col-12 col-sm-auto is-layout-flow wp-block-column-is-layout-flow\">\n<p class=\"is-style-hasa_subheadline has-primary-color has-text-color has-link-color has-large-font-size wp-elements-5eaa5a43a042474f28b2a88ced1bd852\"  data-anim-action=\"fadeInUp\" data-anim-event=\"onScroll\" data-anim-triggered=\"false\" data-anim-from=\"opacity: 0; transform: translateY(100px);\" data-anim-to=\"opacity: 1; transform: translateY(0px);\" data-anim-id=\"anim-69e5ae93322de\" data-anim-start=\"100%\" data-anim-reverse=\"true\">Dein Platz f\u00fcr genussvolle Momente<\/p>\n\n\n\n<h1 class=\"wp-block-heading has-large-font-size\"  data-anim-action=\"fadeInUp\" data-anim-event=\"onScroll\" data-anim-triggered=\"false\" data-anim-from=\"opacity: 0; transform: translateY(100px);\" data-anim-to=\"opacity: 1; transform: translateY(0px);\" data-anim-id=\"anim-69e5ae93323b1\" data-anim-start=\"100%\" data-anim-reverse=\"true\">Dein Platz f\u00fcr genussvolle Momente<\/h1>\n\n\n\n<p  data-anim-action=\"fadeInUp\" data-anim-event=\"onScroll\" data-anim-triggered=\"false\" data-anim-from=\"opacity: 0; transform: translateY(100px);\" data-anim-to=\"opacity: 1; transform: translateY(0px);\" data-anim-id=\"anim-69e5ae93323fe\" data-anim-start=\"100%\" data-anim-reverse=\"true\">Plane deinen Besuch im Pittoresk ganz unkompliziert \u00fcber unser Reservierungsformular. Wir best\u00e4tigen deine Anfrage zeitnah und freuen uns auf deinen Besuch \u2013 f\u00fcr gute K\u00fcche, entspannte Atmosph\u00e4re und echte Genussmomente mitten in Aurich.<\/p>\n\n\n\n<p  data-anim-action=\"fadeInUp\" data-anim-event=\"onScroll\" data-anim-triggered=\"false\" data-anim-from=\"opacity: 0; transform: translateY(100px);\" data-anim-to=\"opacity: 1; transform: translateY(0px);\" data-anim-id=\"anim-69e5ae933243b\" data-anim-start=\"100%\" data-anim-reverse=\"true\"><strong>\u00d6ffnungzseiten Fr\u00fchst\u00fcck:<\/strong><br>Montag \u2013 Freitag: 6:30 \u2013 10:00 Uhr<br>Samstag und Sonntag: 7:00 \u2013 10:30 Uhr<\/p>\n\n\n\n<p  data-anim-action=\"fadeInUp\" data-anim-event=\"onScroll\" data-anim-triggered=\"false\" data-anim-from=\"opacity: 0; transform: translateY(100px);\" data-anim-to=\"opacity: 1; transform: translateY(0px);\" data-anim-id=\"anim-69e5ae9332473\" data-anim-start=\"100%\" data-anim-reverse=\"true\"><strong>\u00d6ffnungszeiten K\u00fcche:<\/strong><br>Montag \u2013 Samstag: 12:00 \u2013 14:00 Uhr | 18:00 \u2013 21:00 Uhr<br>Sonntag: 12:00 \u2013 14:00 Uhr (abends geschlossen)<\/p>\n<\/div>\n\n\n\n<div class=\"wp-block-column col-12 col-sm-auto offset-lg-1 is-layout-flow wp-block-column-is-layout-flow\">\n<div class=\"wp-block-group has-dark-background-color has-background has-global-padding is-layout-constrained wp-container-core-group-is-layout-9a4c8acf wp-block-group-is-layout-constrained\" style=\"padding-top:var(--wp--preset--spacing--small);padding-right:var(--wp--preset--spacing--small);padding-bottom:var(--wp--preset--spacing--small);padding-left:var(--wp--preset--spacing--small)\"><div class='forms_wrapper'><a href='#after-greyd-form-2' class='greyd_skip_link'>Formular \u00fcberspringen<\/a><form\n\t\t\tclass='greyd_form \"Tisch-Reservierung\" requirement-style__required' name='form_3345' id='greyd-form-2'\n\t\t\tdata-id='3345' data-form-mode='normal' data-title='Tisch-Reservierung' data-nonce='db82798deb' data-send='enable'\n\t\t\tmethod='POST' enctype='multipart\/form-data'\n\t\t>\t\t<div style=\"visibility: hidden; position: absolute; z-index: -1; height: 0.1px; width: 0.1px; margin: 0; padding: 0;\">\n\t\t\t<label for=\"contact_me_by_fax_only\">\n\t\t\t\t<input\n\t\t\t\t\ttype=\"checkbox\"\n\t\t\t\t\tclass=\"input validation\"\n\t\t\t\t\tname=\"contact_me_by_fax_only\"\n\t\t\t\t\tid=\"contact_me_by_fax_only\"\n\t\t\t\t\tvalue=\"true\"\n\t\t\t\t\taria-hidden=\"true\"\n\t\t\t\t\ttabindex=\"-1\"\n\t\t\t\t\tautocomplete=\"off\"\n\t\t\t\t>\n\t\t\t\tContact me by fax only\n\t\t\t<\/label>\n\t\t\t<input\n\t\t\t\ttype=\"text\"\n\t\t\t\tclass=\"input validation\"\n\t\t\t\tname=\"set_your_password\"\n\t\t\t\taria-hidden=\"true\"\n\t\t\t\ttabindex=\"-1\"\n\t\t\t\tautocomplete=\"off\"\n\t\t\t>\n\t\t<\/div>\n\t\t\n<div class=\"wp-block-group has-lightest-color has-text-color has-link-color wp-elements-18dcc6a69c83816d3af4219abeff97e6 has-global-padding is-layout-constrained wp-block-group-is-layout-constrained gs_YJSZNm group_wrap\">\n<p class=\"is-style-hasa_subheadline has-primary-color has-text-color has-link-color has-medium-font-size wp-elements-3345f7742e2178b4cdb3f0e2e54c5669\">Reserviere deinen Lieblingsplatz<\/p>\n\n\n\n<h3 class=\"wp-block-heading is-style-default has-medium-font-size\">Tisch anfragen<\/h3>\n\n\n\n<hr class=\"wp-block-separator has-text-color has-mediumdark-color has-alpha-channel-opacity has-mediumdark-background-color has-background\"\/>\n\n\n\n<div id=multistep-3 class=\"multistep_wrapper gs_sCjgJH  wp-block-greyd-forms-multistep-container\" data-transition=\"swipe\" data-step=\"0\">\n<div class=\"step\"><a class=\"step_number greyd_skip_target\" href=\"#\">Schritt X von Y<\/a>\n<div id=\"greyd-69e5ae9332df5\" class=\"wp-block-columns is-layout-flex wp-container-core-columns-is-layout-28f84493 wp-block-columns-is-layout-flex\">\n<div class=\"wp-block-column col-12 col-sm-auto is-layout-flow wp-block-column-is-layout-flow\">\n<div class=\"wp-block-greyd-forms-input input-wrapper gs_bFeyWy\"><div class=\"label_wrap\"><label class=\"label\" for=\"datum___id69e5ae9332c43\"><span>Datum<\/span><span class=\"requirement-required\"> *<\/span><\/label><\/div><div class=\"input-inner-wrapper\"><input class=\"input validation \" type=\"date\" name=\"datum\" id=\"datum___id69e5ae9332c43\" placeholder=\"Datum ausw\u00e4hlen*\" autocomplete=\"off\" pattern=\"[0-9]{4}\\-[0-9]{2}\\-[0-9]{2}\" required data-required=\"required\" title=\"Bitte f\u00fclle dieses Feld aus\" rows=\"\"\/><span class=\"input-field-icon\" aria-hidden=\"true\"><\/span><\/div><\/div>\n<\/div>\n\n\n\n<div class=\"wp-block-column col-12 col-sm-auto is-layout-flow wp-block-column-is-layout-flow\">\n<div class=\"wp-block-greyd-forms-input input-wrapper gs_fNglXg\"><div class=\"label_wrap\"><label class=\"label\" for=\"uhrzeit___id69e5ae9332d12\"><span>Uhrzeit<\/span><span class=\"requirement-required\"> *<\/span><\/label><\/div><div class=\"input-inner-wrapper\"><input class=\"input validation \" type=\"time\" name=\"uhrzeit\" id=\"uhrzeit___id69e5ae9332d12\" placeholder=\"Uhrzeit ausw\u00e4hlen*\" autocomplete=\"off\" required data-required=\"required\" title=\"Bitte f\u00fclle dieses Feld aus\" rows=\"\"\/><span class=\"input-field-icon\" aria-hidden=\"true\"><\/span><\/div><\/div>\n<\/div>\n<\/div>\n\n\n\n<div style=\"height:0px\" aria-hidden=\"true\" class=\"wp-block-spacer\"><\/div>\n\n\n\n<div class=\"wp-block-greyd-forms-input input-wrapper gs_zFF9OI\"><div class=\"label_wrap\"><label class=\"label\" for=\"anzahl_personen___id69e5ae9332e75\"><span>Anzahl Personen:<\/span><span class=\"requirement-required\"> *<\/span><\/label><\/div><div class=\"input-inner-wrapper\"><input class=\"input validation \" type=\"text\" name=\"anzahl_personen\" id=\"anzahl_personen___id69e5ae9332e75\" placeholder=\"Hier eingeben\" autocomplete=\"off\" required data-required=\"required\" title=\"Bitte f\u00fclle dieses Feld aus\" rows=\"\"\/><span class=\"input-field-icon\" aria-hidden=\"true\"><\/span><\/div><\/div>\n\n\n\n<div style=\"height:var(--wp--preset--spacing--tiny)\" aria-hidden=\"true\" class=\"wp-block-spacer\"><\/div>\n\n\n\n<div class=\"wp-block-group aligncenter is-content-justification-right is-nowrap is-layout-flex wp-container-core-group-is-layout-17124a9a wp-block-group-is-layout-flex\">\n<div class=\"input-outer-wrapper input-wrapper flex-right\"><button type=\"button\" class=\"multistep_button next_step button gs_CaGLlL  \" data-text=\"Weiter\"><span style=\"flex:1\">Weiter<\/span><span class=\"arrow_right\" style=\"vertical-align:middle;font-size:100%;margin-left:10px\" aria-hidden=\"true\"><\/span><\/button><\/div>\n<\/div>\n<\/div>\n\n\n\n<div class=\"step\"><a class=\"step_number greyd_skip_target\" href=\"#\">Schritt X von Y<\/a>\n<p><strong>Kontaktdaten<\/strong><\/p>\n\n\n\n<div class=\"wp-block-columns is-layout-flex wp-container-core-columns-is-layout-bb71f031 wp-block-columns-is-layout-flex\" style=\"margin-top:7px;margin-bottom:7px\">\n<div class=\"wp-block-column col-12 col-sm-auto is-layout-flow wp-block-column-is-layout-flow\">\n<div class=\"wp-block-greyd-forms-input input-wrapper gs_AChZXY\"><div class=\"input-inner-wrapper\"><input class=\"input validation \" type=\"text\" name=\"vorname\" id=\"vorname___id69e5ae9333010\" placeholder=\"Vorname*\" autocomplete=\"on\" required data-required=\"required\" title=\"Bitte f\u00fclle dieses Feld aus\" rows=\"\"\/><span class=\"input-field-icon\" aria-hidden=\"true\"><\/span><\/div><\/div>\n<\/div>\n\n\n\n<div class=\"wp-block-column col-12 col-sm-auto is-layout-flow wp-block-column-is-layout-flow\">\n<div class=\"wp-block-greyd-forms-input input-wrapper gs_VdfFRe\"><div class=\"input-inner-wrapper\"><input class=\"input validation \" type=\"text\" name=\"nachname\" id=\"nachname___id69e5ae93330ae\" placeholder=\"Nachname*\" autocomplete=\"on\" required data-required=\"required\" title=\"Bitte f\u00fclle dieses Feld aus\" rows=\"\"\/><span class=\"input-field-icon\" aria-hidden=\"true\"><\/span><\/div><\/div>\n<\/div>\n<\/div>\n\n\n\n<div class=\"wp-block-columns is-layout-flex wp-container-core-columns-is-layout-0c144f1c wp-block-columns-is-layout-flex\" style=\"margin-top:0;margin-bottom:0\">\n<div class=\"wp-block-column col-12 col-sm-auto is-layout-flow wp-block-column-is-layout-flow\">\n<div class=\"wp-block-greyd-forms-input input-wrapper gs_0B51sE\"><div class=\"input-inner-wrapper\"><input class=\"input validation \" type=\"text\" name=\"telefon\" id=\"telefon___id69e5ae93331d7\" placeholder=\"Telefon*\" autocomplete=\"on\" required data-required=\"required\" title=\"Bitte f\u00fclle dieses Feld aus\" rows=\"\"\/><span class=\"input-field-icon\" aria-hidden=\"true\"><\/span><\/div><\/div>\n<\/div>\n\n\n\n<div class=\"wp-block-column col-12 col-sm-auto is-layout-flow wp-block-column-is-layout-flow\">\n<div class=\"wp-block-greyd-forms-input input-wrapper gs_zzM7yb\"><div class=\"input-inner-wrapper\"><input class=\"input validation \" type=\"text\" name=\"email\" id=\"email___id69e5ae9333274\" placeholder=\"E-Mail*\" autocomplete=\"on\" required data-required=\"required\" title=\"Bitte f\u00fclle dieses Feld aus\" rows=\"\"\/><span class=\"input-field-icon\" aria-hidden=\"true\"><\/span><\/div><\/div>\n<\/div>\n<\/div>\n\n\n\n<div class=\"wp-block-greyd-forms-input input-wrapper gs_5EOYlC\" style=\"margin-top:7px;margin-bottom:7px\"><div class=\"input-inner-wrapper\"><textarea class=\"input validation \" type=\"text\" name=\"nachricht\" id=\"nachricht___id69e5ae933337d\" placeholder=\"Deine Nachricht (optional)\" autocomplete=\"on\" data-required=\"optional\" title=\"Bitte f\u00fclle dieses Feld aus\" rows=\"5\"><\/textarea><span class=\"input-field-icon\" aria-hidden=\"true\"><\/span><\/div><\/div>\n\n\n\n<div style=\"height:var(--wp--preset--spacing--small)\" aria-hidden=\"true\" class=\"wp-block-spacer\"><\/div>\n\n\n\n<div class=\"wp-block-group is-content-justification-space-between is-nowrap is-layout-flex wp-container-core-group-is-layout-cb46ffcb wp-block-group-is-layout-flex\">\n<div class=\"input-outer-wrapper input-wrapper flex-center\"><button type=\"button\" class=\"multistep_button prev_step button gs_ddfEll is-style-sec \" data-text=\"Zur\u00fcck\"><span class=\"arrow_left\" style=\"vertical-align:middle;font-size:100%;margin-right:10px\" aria-hidden=\"true\"><\/span><span style=\"flex:1\">Zur\u00fcck<\/span><\/button><\/div>\n\n\n\n<button class=\"wp-block-greyd-forms-submitbutton button submitbutton gs_tAp59S\" type=\"submit\" name=\"submit\" data-text=\"Jetzt anfragen\"><span class=\"greyd_upload_progress\"><span class=\"spinner\"><span class=\"dot-loader\"><\/span><span class=\"dot-loader dot-loader--2\"><\/span><span class=\"dot-loader dot-loader--3\"><\/span><\/span><span class=\"bar\"><\/span><\/span><span style=\"flex:1\">Jetzt anfragen<\/span><span class=\"icon_check\" style=\"vertical-align:middle;font-size:100%;margin-left:10px\" aria-hidden=\"true\"><\/span><\/button>\n<\/div>\n<\/div>\n<\/div><div class=\"progress_wrapper flex-center gs_sCjgJH\"><div class=\"multistep_progress\"><span class=\"bar\"><\/span><\/div><\/div>\n<\/div>\n<\/form><div class='after-message animate_fast' role='status' aria-live='polite'><div class='message'><\/div><\/div><div id='after-greyd-form-2'><\/div><\/div><\/div>\n<\/div>\n<\/div>\n\n\n\n<p><\/p>\n","protected":false},"excerpt":{"rendered":"<p>Dein Platz f\u00fcr genussvolle Momente Dein Platz f\u00fcr genussvolle Momente Plane deinen Besuch im Pittoresk [&hellip;]<\/p>\n","protected":false},"author":2,"featured_media":0,"parent":0,"menu_order":0,"comment_status":"closed","ping_status":"closed","template":"","meta":{"greyd_block_editor_preview":[],"footnotes":""},"class_list":["post-3324","page","type-page","status-publish","hentry"],"publishpress_future_action":{"enabled":false,"date":"2026-04-27 06:41:55","action":"change-status","newStatus":"draft","terms":[],"taxonomy":"","extraData":[]},"publishpress_future_workflow_manual_trigger":{"enabledWorkflows":[]},"_links":{"self":[{"href":"https:\/\/schlosshotel.dev-mk.de\/pittoresk\/wp-json\/wp\/v2\/pages\/3324","targetHints":{"allow":["GET"]}}],"collection":[{"href":"https:\/\/schlosshotel.dev-mk.de\/pittoresk\/wp-json\/wp\/v2\/pages"}],"about":[{"href":"https:\/\/schlosshotel.dev-mk.de\/pittoresk\/wp-json\/wp\/v2\/types\/page"}],"author":[{"embeddable":true,"href":"https:\/\/schlosshotel.dev-mk.de\/pittoresk\/wp-json\/wp\/v2\/users\/2"}],"replies":[{"embeddable":true,"href":"https:\/\/schlosshotel.dev-mk.de\/pittoresk\/wp-json\/wp\/v2\/comments?post=3324"}],"version-history":[{"count":8,"href":"https:\/\/schlosshotel.dev-mk.de\/pittoresk\/wp-json\/wp\/v2\/pages\/3324\/revisions"}],"predecessor-version":[{"id":3720,"href":"https:\/\/schlosshotel.dev-mk.de\/pittoresk\/wp-json\/wp\/v2\/pages\/3324\/revisions\/3720"}],"wp:attachment":[{"href":"https:\/\/schlosshotel.dev-mk.de\/pittoresk\/wp-json\/wp\/v2\/media?parent=3324"}],"curies":[{"name":"wp","href":"https:\/\/api.w.org\/{rel}","templated":true}]}}