{"id":3335,"date":"2025-10-30T11:47:23","date_gmt":"2025-10-30T10:47:23","guid":{"rendered":"https:\/\/schlosshotel.dev-mk.de\/pittoresk\/?page_id=3335"},"modified":"2025-11-05T17:12:43","modified_gmt":"2025-11-05T16:12:43","slug":"oeffnungszeiten","status":"publish","type":"page","link":"https:\/\/schlosshotel.dev-mk.de\/pittoresk\/oeffnungszeiten\/","title":{"rendered":"\u00d6ffnungszeiten"},"content":{"rendered":"\n<p><\/p>\n\n\n\n<div class=\"wp-block-cover alignfull is-light has-custom-content-position is-position-bottom-center dyn is-style-default\" style=\"padding-top:var(--wp--preset--spacing--medium);padding-right:var(--wp--preset--spacing--medium);padding-bottom:var(--wp--preset--spacing--medium);padding-left:var(--wp--preset--spacing--medium);min-height:50vh;aspect-ratio:unset;\"><span aria-hidden=\"true\" class=\"wp-block-cover__background has-tertiary-background-color has-background-dim\"><\/span><img loading=\"lazy\" decoding=\"async\" width=\"1024\" height=\"683\" class=\"wp-block-cover__image-background wp-image-3296\" alt=\"restaurant_impression_06-1024x683\" src=\"https:\/\/schlosshotel.dev-mk.de\/pittoresk\/wp-content\/uploads\/sites\/2\/2025\/10\/restaurant_impression_06-1024x683-1.jpg\" data-object-fit=\"cover\" srcset=\"https:\/\/schlosshotel.dev-mk.de\/pittoresk\/wp-content\/uploads\/sites\/2\/2025\/10\/restaurant_impression_06-1024x683-1.jpg 1024w, https:\/\/schlosshotel.dev-mk.de\/pittoresk\/wp-content\/uploads\/sites\/2\/2025\/10\/restaurant_impression_06-1024x683-1-300x200.jpg 300w, https:\/\/schlosshotel.dev-mk.de\/pittoresk\/wp-content\/uploads\/sites\/2\/2025\/10\/restaurant_impression_06-1024x683-1-768x512.jpg 768w\" sizes=\"auto, (max-width: 1024px) 100vw, 1024px\" \/><div class=\"wp-block-cover__inner-container has-global-padding is-layout-constrained wp-container-core-cover-is-layout-8217c53c wp-block-cover-is-layout-constrained\">\n<div class=\"wp-block-boldblocks-svg-block svg-b-1 sm-svg-justify-alignment\"><div class=\"wp-block-boldblocks-svg-block__inner sm-svg-width\">\n\n\n\n<\/div><\/div>\n<\/div><\/div>\n\n\n\n<div style=\"height:var(--wp--preset--spacing--x-large)\" aria-hidden=\"true\" class=\"wp-block-spacer\"><\/div>\n\n\n\n<div id=\"wp-container-69e5ae935b9fd\" class=\"wp-block-group aligncenter is-layout-flow wp-block-group-is-layout-flow gs_g5kxWN group_wrap\">\n<p class=\"has-text-align-center is-style-hasa_subheadline dyn has-primary-color has-text-color has-link-color has-large-font-size wp-elements-135c2ac70d4d08627be494d19abce843\"  data-anim-action=\"fadeInUp\" data-anim-event=\"onScroll\" data-anim-triggered=\"false\" data-anim-from=\"opacity: 0; transform: translateY(100px);\" data-anim-to=\"opacity: 1; transform: translateY(0px);\" data-anim-id=\"anim-69e5ae935b5fd\" data-anim-start=\"100%\" data-anim-reverse=\"true\">Genussmomente \u2013 vom Fr\u00fchst\u00fcck bis zum Abendessen<\/p>\n\n\n\n<h2 class=\"wp-block-heading has-text-align-center dyn has-large-font-size gs_ykJq2K\"  data-anim-action=\"fadeInUp\" data-anim-event=\"onScroll\" data-anim-triggered=\"false\" data-anim-from=\"opacity: 0; transform: translateY(100px);\" data-anim-to=\"opacity: 1; transform: translateY(0px);\" data-anim-start=\"100%\" data-anim-reverse=\"true\">Unsere \u00d6ffnungszeiten<\/h2>\n\n\n\n<p class=\"has-text-align-center dyn\"  data-anim-action=\"fadeInUp\" data-anim-event=\"onScroll\" data-anim-triggered=\"false\" data-anim-from=\"opacity: 0; transform: translateY(100px);\" data-anim-to=\"opacity: 1; transform: translateY(0px);\" data-anim-id=\"anim-69e5ae935b99f\" data-anim-start=\"100%\" data-anim-reverse=\"true\">Im Restaurant Pittoresk erwartet dich zu jeder Tageszeit das passende kulinarische Erlebnis. Starte mit einem reichhaltigen Fr\u00fchst\u00fcck in den Tag, genie\u00dfe mittags feine, saisonale Gerichte oder verbringe einen genussvollen Abend in stilvollem Ambiente. <br><br>Hier findest du unsere aktuellen \u00d6ffnungszeiten:<\/p>\n<\/div>\n\n\n\n<div style=\"height:var(--wp--preset--spacing--large)\" aria-hidden=\"true\" class=\"wp-block-spacer\"><\/div>\n\n\n\n<div class=\"wp-block-group has-primary-background-color has-background has-global-padding is-layout-constrained wp-container-core-group-is-layout-9a4c8acf wp-block-group-is-layout-constrained gs_khylJt group_wrap\" style=\"padding-top:var(--wp--preset--spacing--small);padding-right:var(--wp--preset--spacing--small);padding-bottom:var(--wp--preset--spacing--small);padding-left:var(--wp--preset--spacing--small)\">\n<div class=\"wp-block-columns is-layout-flex wp-container-core-columns-is-layout-28f84493 wp-block-columns-is-layout-flex\">\n<div class=\"wp-block-column col-12 col-sm-auto is-layout-flow wp-block-column-is-layout-flow\">\n<h4 class=\"wp-block-heading has-text-align-center has-medium-font-size\">Fr\u00fchst\u00fcck<\/h4>\n\n\n\n<p class=\"has-text-align-center\"><strong>Montag \u2013 Freitag: <br><\/strong>6:30 \u2013 10:00 Uhr<\/p>\n\n\n\n<p class=\"has-text-align-center\"><strong>Samstag und Sonntag: <br><\/strong>7:00 \u2013 10:30 Uhr<\/p>\n<\/div>\n\n\n\n<div class=\"wp-block-column col-12 col-sm-auto is-layout-flow wp-block-column-is-layout-flow\">\n<h2 class=\"wp-block-heading has-text-align-center has-medium-font-size\">K\u00fcche<\/h2>\n\n\n\n<p class=\"has-text-align-center\"><strong>Montag \u2013 Samstag: <\/strong><br>12:00 \u2013 14:00 Uhr und 18:00 \u2013 21:00 Uhr<\/p>\n\n\n\n<p class=\"has-text-align-center\"><strong>Sonntag: <br><\/strong>12:00 \u2013 14:00 Uhr (abends geschlossen)<\/p>\n<\/div>\n<\/div>\n<\/div>\n","protected":false},"excerpt":{"rendered":"<p>Fr\u00fchst\u00fcck Montag \u2013 Freitag: 6:30 \u2013 10:00 Uhr Samstag und Sonntag: 7:00 \u2013 10:30 Uhr [&hellip;]<\/p>\n","protected":false},"author":2,"featured_media":0,"parent":0,"menu_order":0,"comment_status":"closed","ping_status":"closed","template":"","meta":{"greyd_block_editor_preview":[],"footnotes":""},"class_list":["post-3335","page","type-page","status-publish","hentry"],"publishpress_future_action":{"enabled":false,"date":"2026-04-27 06:41:55","action":"change-status","newStatus":"draft","terms":[],"taxonomy":"","extraData":[]},"publishpress_future_workflow_manual_trigger":{"enabledWorkflows":[]},"_links":{"self":[{"href":"https:\/\/schlosshotel.dev-mk.de\/pittoresk\/wp-json\/wp\/v2\/pages\/3335","targetHints":{"allow":["GET"]}}],"collection":[{"href":"https:\/\/schlosshotel.dev-mk.de\/pittoresk\/wp-json\/wp\/v2\/pages"}],"about":[{"href":"https:\/\/schlosshotel.dev-mk.de\/pittoresk\/wp-json\/wp\/v2\/types\/page"}],"author":[{"embeddable":true,"href":"https:\/\/schlosshotel.dev-mk.de\/pittoresk\/wp-json\/wp\/v2\/users\/2"}],"replies":[{"embeddable":true,"href":"https:\/\/schlosshotel.dev-mk.de\/pittoresk\/wp-json\/wp\/v2\/comments?post=3335"}],"version-history":[{"count":7,"href":"https:\/\/schlosshotel.dev-mk.de\/pittoresk\/wp-json\/wp\/v2\/pages\/3335\/revisions"}],"predecessor-version":[{"id":3475,"href":"https:\/\/schlosshotel.dev-mk.de\/pittoresk\/wp-json\/wp\/v2\/pages\/3335\/revisions\/3475"}],"wp:attachment":[{"href":"https:\/\/schlosshotel.dev-mk.de\/pittoresk\/wp-json\/wp\/v2\/media?parent=3335"}],"curies":[{"name":"wp","href":"https:\/\/api.w.org\/{rel}","templated":true}]}}